{"id":37,"date":"2017-05-24T12:46:06","date_gmt":"2017-05-24T10:46:06","guid":{"rendered":"https:\/\/africa.dyntra.org\/member-password-lost\/"},"modified":"2023-09-11T12:37:40","modified_gmt":"2023-09-11T10:37:40","slug":"password-lost","status":"publish","type":"page","link":"https:\/\/africa.dyntra.org\/pt\/password-lost\/","title":{"rendered":"Redefinir sua Senha?"},"content":{"rendered":"<div id=\"password-lost-form\">\n        \n\t  \n    <form name=\"dyntraLostPass\" id=\"dyntraLostPass\" method=\"post\" action=\"https:\/\/africa.dyntra.org\/wp-login.php?action=lostpassword\">\n        <div class=\"vc_row wpb_row vc_row-fluid\">\n            <div class=\"wpb_column vc_column_container vc_col-sm-6 al_center\">\n                <div class=\"vc_column-inner \">\n                    <div class=\"wpb_wrapper alert alert-info\">\n\t\t\t\t\t\tIntroduza o endere\u00e7o de e-mail que utilizou quando se registou e enviar-lhe-emos um e-mail com uma liga\u00e7\u00e3o para redefinir a sua palavra-passe.                        <div class=\"flex\">\n                            <i class=\"fa fa-user\" aria-hidden=\"true\"><\/i> <label for=\"user_login\"> Email: \n                            <input type=\"text\" name=\"user_login\" id=\"user_login\">\n                        <\/div>    \n                        <div class=\"flex\">\n                            <input type=\"submit\" name=\"submit\" class=\"lostpassword-button\" value=\"Reposi\u00e7\u00e3o da palavra-passe\"\/>\n                        <\/div>\n               \t\t<\/div>\n            \t<\/div>\n          \t<\/div>\n        <\/div>\n\t<\/form>\n<\/div>\n\n","protected":false},"excerpt":{"rendered":"","protected":false},"author":9,"featured_media":0,"parent":0,"menu_order":0,"comment_status":"closed","ping_status":"closed","template":"","meta":{"footnotes":""},"_links":{"self":[{"href":"https:\/\/africa.dyntra.org\/pt\/wp-json\/wp\/v2\/pages\/37"}],"collection":[{"href":"https:\/\/africa.dyntra.org\/pt\/wp-json\/wp\/v2\/pages"}],"about":[{"href":"https:\/\/africa.dyntra.org\/pt\/wp-json\/wp\/v2\/types\/page"}],"author":[{"embeddable":true,"href":"https:\/\/africa.dyntra.org\/pt\/wp-json\/wp\/v2\/users\/9"}],"replies":[{"embeddable":true,"href":"https:\/\/africa.dyntra.org\/pt\/wp-json\/wp\/v2\/comments?post=37"}],"version-history":[{"count":5,"href":"https:\/\/africa.dyntra.org\/pt\/wp-json\/wp\/v2\/pages\/37\/revisions"}],"predecessor-version":[{"id":34209,"href":"https:\/\/africa.dyntra.org\/pt\/wp-json\/wp\/v2\/pages\/37\/revisions\/34209"}],"wp:attachment":[{"href":"https:\/\/africa.dyntra.org\/pt\/wp-json\/wp\/v2\/media?parent=37"}],"curies":[{"name":"wp","href":"https:\/\/api.w.org\/{rel}","templated":true}]}}